{"id":14,"date":"2025-09-19T12:55:06","date_gmt":"2025-09-19T12:55:06","guid":{"rendered":"https:\/\/adinathtantra.com\/?page_id=14"},"modified":"2025-09-19T17:00:58","modified_gmt":"2025-09-19T17:00:58","slug":"home","status":"publish","type":"page","link":"https:\/\/adinathtantra.com\/","title":{"rendered":"Home"},"content":{"rendered":"<p>[et_pb_section fb_built=&#8221;1&#8243; _builder_version=&#8221;4.27.4&#8243; _module_preset=&#8221;default&#8221; custom_padding=&#8221;0px||0px||true|false&#8221; global_colors_info=&#8221;{}&#8221;][et_pb_row _builder_version=&#8221;4.27.4&#8243; _module_preset=&#8221;default&#8221; background_image=&#8221;https:\/\/adinathtantra.com\/wp-content\/uploads\/2025\/09\/pozadina.jpg&#8221; width=&#8221;100%&#8221; max_width=&#8221;2560px&#8221; custom_padding=&#8221;80vh||10vh||false|false&#8221; hover_enabled=&#8221;0&#8243; global_colors_info=&#8221;{}&#8221; sticky_enabled=&#8221;0&#8243;][et_pb_column type=&#8221;4_4&#8243; _builder_version=&#8221;4.27.4&#8243; _module_preset=&#8221;default&#8221; global_colors_info=&#8221;{}&#8221;][et_pb_text _builder_version=&#8221;4.27.4&#8243; _module_preset=&#8221;default&#8221; header_font=&#8221;||||||||&#8221; header_text_color=&#8221;#E09900&#8243; header_font_size=&#8221;46px&#8221; header_2_font=&#8221;|||on|||||&#8221; header_2_text_align=&#8221;center&#8221; header_2_text_color=&#8221;#FFFFFF&#8221; header_2_font_size=&#8221;32px&#8221; hover_enabled=&#8221;0&#8243; global_colors_info=&#8221;{}&#8221; header_font_size_last_edited=&#8221;on|phone&#8221; header_font_size_phone=&#8221;45px&#8221; header_2_font_size_last_edited=&#8221;on|phone&#8221; header_2_font_size_phone=&#8221;28px&#8221; sticky_enabled=&#8221;0&#8243; header_font_size_tablet=&#8221;46px&#8221; header_2_font_size_tablet=&#8221;32px&#8221;]<\/p>\n<h1 style=\"text-align: center;\">ADINATH TANTRA<\/h1>\n<h2 style=\"text-align: center;\">Stara tradicija<\/h2>\n<p>[\/et_pb_text][\/et_pb_column][\/et_pb_row][\/et_pb_section][et_pb_section fb_built=&#8221;1&#8243; module_id=&#8221;about&#8221; _builder_version=&#8221;4.27.4&#8243; _module_preset=&#8221;default&#8221; custom_padding=&#8221;0px||0px||true|false&#8221; global_colors_info=&#8221;{}&#8221;][et_pb_row column_structure=&#8221;2_5,3_5&#8243; use_custom_gutter=&#8221;on&#8221; gutter_width=&#8221;1&#8243; make_equal=&#8221;on&#8221; _builder_version=&#8221;4.27.4&#8243; _module_preset=&#8221;default&#8221; width=&#8221;100%&#8221; max_width=&#8221;2560px&#8221; custom_padding=&#8221;0px||0px||true|false&#8221; global_colors_info=&#8221;{}&#8221;][et_pb_column type=&#8221;2_5&#8243; _builder_version=&#8221;4.27.4&#8243; _module_preset=&#8221;default&#8221; background_image=&#8221;https:\/\/adinathtantra.com\/wp-content\/uploads\/2025\/09\/865bdf31d1112b7cb220225991130306.jpg&#8221; background_position=&#8221;top_center&#8221; background_vertical_offset=&#8221;30%&#8221; custom_css_main_element=&#8221;display: flex;||align-items: center;||justify-content: center;&#8221; global_colors_info=&#8221;{}&#8221;][et_pb_text _builder_version=&#8221;4.27.4&#8243; _module_preset=&#8221;default&#8221; header_3_font=&#8221;|||on|||||&#8221; header_3_text_align=&#8221;center&#8221; header_3_text_color=&#8221;#233058&#8243; header_3_font_size=&#8221;40px&#8221; header_3_line_height=&#8221;1.3em&#8221; custom_margin=&#8221;25%|-1px|25%||true|false&#8221; hover_enabled=&#8221;0&#8243; global_colors_info=&#8221;{}&#8221; header_3_font_size_last_edited=&#8221;on|phone&#8221; header_3_font_size_phone=&#8221;34px&#8221; sticky_enabled=&#8221;0&#8243; header_3_font_size_tablet=&#8221;40px&#8221;]<\/p>\n<h3>preko<br \/>20 godina<br \/>iskustva<\/h3>\n<p>[\/et_pb_text][\/et_pb_column][et_pb_column type=&#8221;3_5&#8243; _builder_version=&#8221;4.27.4&#8243; _module_preset=&#8221;default&#8221; background_color=&#8221;#f6efe3&#8243; custom_padding=&#8221;|||4%|false|false&#8221; global_colors_info=&#8221;{}&#8221;][et_pb_divider color=&#8221;#233058&#8243; divider_weight=&#8221;3px&#8221; _builder_version=&#8221;4.27.4&#8243; _module_preset=&#8221;default&#8221; width=&#8221;75%&#8221; custom_padding=&#8221;6vh||3vh||false|false&#8221; hover_enabled=&#8221;0&#8243; global_colors_info=&#8221;{}&#8221; module_alignment_last_edited=&#8221;on|phone&#8221; module_alignment_phone=&#8221;center&#8221; sticky_enabled=&#8221;0&#8243;][\/et_pb_divider][et_pb_text _builder_version=&#8221;4.27.4&#8243; _module_preset=&#8221;default&#8221; text_text_color=&#8221;#233058&#8243; text_font_size=&#8221;18px&#8221; text_line_height=&#8221;1.8em&#8221; custom_padding=&#8221;|20%|||false|false&#8221; hover_enabled=&#8221;0&#8243; global_colors_info=&#8221;{}&#8221; custom_padding_last_edited=&#8221;on|phone&#8221; custom_padding_phone=&#8221;|10%||10%|false|true&#8221; sticky_enabled=&#8221;0&#8243; text_font_size_last_edited=&#8221;on|phone&#8221; text_font_size_phone=&#8221;16px&#8221; custom_padding_tablet=&#8221;|20%|||false|false&#8221; text_font_size_tablet=&#8221;18px&#8221;]<\/p>\n<p>Seminar vodi u\u010ditelj sa vi\u0161e od 20 godina iskustva u duhovnim praksama i isceljivanju.<\/p>\n<p>Marko Todorovic majstor je u oblastima tantre, reikija i sibirskog \u0161amanizma (tradicija iz Altaljske oblasti).<\/p>\n<p>Pored duhovnih disciplina, vi\u0161egodi\u0161nji je praktikant i majstor borila\u010dkih ve\u0161tina: Wing Chun kung fua, tajlandskog boksa, brazilske d\u017eiud\u017eice i Goju-ryu karatea. Spoj tradicionalnih borila\u010dkih i duhovnih sistema u njegovom radu oblikuje celovit pristup razvoju \u010doveka kroz telo, um i duh.N<\/p>\n<p>&nbsp;<\/p>\n<p>[\/et_pb_text][\/et_pb_column][\/et_pb_row][\/et_pb_section][et_pb_section fb_built=&#8221;1&#8243; module_id=&#8221;program&#8221; _builder_version=&#8221;4.27.4&#8243; _module_preset=&#8221;default&#8221; custom_padding=&#8221;0px||0px||true|false&#8221; global_colors_info=&#8221;{}&#8221;][et_pb_row column_structure=&#8221;2_5,3_5&#8243; use_custom_gutter=&#8221;on&#8221; gutter_width=&#8221;1&#8243; make_equal=&#8221;on&#8221; _builder_version=&#8221;4.27.4&#8243; _module_preset=&#8221;default&#8221; width=&#8221;100%&#8221; max_width=&#8221;2560px&#8221; custom_padding=&#8221;0px||0px||true|false&#8221; global_colors_info=&#8221;{}&#8221;][et_pb_column type=&#8221;2_5&#8243; _builder_version=&#8221;4.27.4&#8243; _module_preset=&#8221;default&#8221; background_image=&#8221;https:\/\/adinathtantra.com\/wp-content\/uploads\/2025\/09\/fa04b67bc98b6b808f72898f11abe969-1.jpg&#8221; background_position=&#8221;bottom_center&#8221; custom_padding=&#8221;10vh||12vh||false|false&#8221; global_colors_info=&#8221;{}&#8221;][et_pb_text _builder_version=&#8221;4.27.4&#8243; _module_preset=&#8221;default&#8221; text_font=&#8221;||||||||&#8221; text_text_color=&#8221;#f6efe3&#8243; text_font_size=&#8221;20px&#8221; text_line_height=&#8221;0.6em&#8221; header_3_font=&#8221;|||on|||||&#8221; header_3_text_align=&#8221;center&#8221; header_3_text_color=&#8221;#233058&#8243; header_3_font_size=&#8221;40px&#8221; header_3_line_height=&#8221;1.3em&#8221; header_5_font=&#8221;|600|||||||&#8221; header_5_text_align=&#8221;center&#8221; header_5_text_color=&#8221;#f6efe3&#8243; header_5_font_size=&#8221;20px&#8221; custom_margin=&#8221;||30px||false|false&#8221; global_colors_info=&#8221;{}&#8221;]<\/p>\n<p style=\"text-align: center;\">Tantra Vama Marga<\/p>\n<p style=\"text-align: center;\">Tantra Dakshina-Marga<\/p>\n<p style=\"text-align: center;\">Uttara Kaula Tantra<\/p>\n<p style=\"text-align: center;\">Tibetanska Tantra<\/p>\n<p>[\/et_pb_text][et_pb_image src=&#8221;https:\/\/adinathtantra.com\/wp-content\/uploads\/2025\/09\/f4fa6d629dd072ba8dce234be9c8f945.jpg&#8221; title_text=&#8221;f4fa6d629dd072ba8dce234be9c8f945&#8243; _builder_version=&#8221;4.27.4&#8243; _module_preset=&#8221;default&#8221; width=&#8221;40%&#8221; module_alignment=&#8221;center&#8221; hover_enabled=&#8221;0&#8243; global_colors_info=&#8221;{}&#8221; width_last_edited=&#8221;on|phone&#8221; width_phone=&#8221;60%&#8221; sticky_enabled=&#8221;0&#8243; width_tablet=&#8221;40%&#8221;][\/et_pb_image][\/et_pb_column][et_pb_column type=&#8221;3_5&#8243; _builder_version=&#8221;4.27.4&#8243; _module_preset=&#8221;default&#8221; background_color=&#8221;#f6efe3&#8243; custom_padding=&#8221;10vh||12vh|4%|false|false&#8221; global_colors_info=&#8221;{}&#8221;][et_pb_text _builder_version=&#8221;4.27.4&#8243; _module_preset=&#8221;default&#8221; header_2_font_size=&#8221;40px&#8221; custom_margin=&#8221;||20px||false|false&#8221; hover_enabled=&#8221;0&#8243; global_colors_info=&#8221;{}&#8221; header_2_font_size_last_edited=&#8221;on|phone&#8221; header_2_font_size_phone=&#8221;36px&#8221; header_2_text_align_last_edited=&#8221;on|phone&#8221; header_2_text_align_phone=&#8221;center&#8221; sticky_enabled=&#8221;0&#8243; header_2_font_size_tablet=&#8221;40px&#8221;]<\/p>\n<h2>PROGRAM<\/h2>\n<p>[\/et_pb_text][et_pb_text _builder_version=&#8221;4.27.4&#8243; _module_preset=&#8221;default&#8221; text_text_color=&#8221;#233058&#8243; text_font_size=&#8221;18px&#8221; text_line_height=&#8221;1.8em&#8221; custom_padding=&#8221;|20%|||false|false&#8221; hover_enabled=&#8221;0&#8243; global_colors_info=&#8221;{}&#8221; custom_padding_last_edited=&#8221;on|phone&#8221; custom_padding_phone=&#8221;|10%||10%|false|true&#8221; sticky_enabled=&#8221;0&#8243; text_font_size_last_edited=&#8221;on|phone&#8221; text_font_size_phone=&#8221;16px&#8221; custom_padding_tablet=&#8221;|20%|||false|false&#8221; text_font_size_tablet=&#8221;18px&#8221;]<\/p>\n<p><strong>84 siddha asane<\/strong> &#8211; mo\u0107ni polo\u017eaji tela koji bude energiju i donose snagu<\/p>\n<p><strong>Pranajame<\/strong> &#8211; tehnike disanja za ravnote\u017eu tela i uma<\/p>\n<p><strong>Dharana<\/strong> &#8211; ve\u017ebe koncentracije koje vode ka smirenju i jasno\u0107i<\/p>\n<p><strong>Meditacija<\/strong> &#8211; povezivanje sa unutra\u0161njim izvorom i unutra\u0161njim mirom<\/p>\n<p><strong>Nyasa<\/strong> &#8211; suptilna praksa osve\u0161\u0107ivanja energije u telu<\/p>\n<p><strong>Rad sa svetom vatrom (dhuni)<\/strong> &#8211; pro\u010di\u0161\u0107enje kroz element ognja<\/p>\n<p><strong>Rad sa jantrama<\/strong> &#8211; povezivanje sa tantri\u010dkim bo\u017eanstvima kroz mo\u0107 svete geometrije<\/p>\n<p>[\/et_pb_text][\/et_pb_column][\/et_pb_row][\/et_pb_section]<\/p>\n","protected":false},"excerpt":{"rendered":"<p>ADINATH TANTRA Stara tradicijapreko20 godinaiskustvaSeminar vodi u\u010ditelj sa vi\u0161e od 20 godina iskustva u duhovnim praksama i isceljivanju. Marko Todorovic majstor je u oblastima tantre, reikija i sibirskog \u0161amanizma (tradicija iz Altaljske oblasti). Pored duhovnih disciplina, vi\u0161egodi\u0161nji je praktikant i majstor borila\u010dkih ve\u0161tina: Wing Chun kung fua, tajlandskog boksa, brazilske d\u017eiud\u017eice i Goju-ryu karatea. Spoj [&hellip;]<\/p>\n","protected":false},"author":1,"featured_media":16,"parent":0,"menu_order":0,"comment_status":"closed","ping_status":"closed","template":"","meta":{"_et_pb_use_builder":"on","_et_pb_old_content":"","_et_gb_content_width":"","footnotes":""},"class_list":["post-14","page","type-page","status-publish","has-post-thumbnail","hentry"],"_links":{"self":[{"href":"https:\/\/adinathtantra.com\/index.php?rest_route=\/wp\/v2\/pages\/14","targetHints":{"allow":["GET"]}}],"collection":[{"href":"https:\/\/adinathtantra.com\/index.php?rest_route=\/wp\/v2\/pages"}],"about":[{"href":"https:\/\/adinathtantra.com\/index.php?rest_route=\/wp\/v2\/types\/page"}],"author":[{"embeddable":true,"href":"https:\/\/adinathtantra.com\/index.php?rest_route=\/wp\/v2\/users\/1"}],"replies":[{"embeddable":true,"href":"https:\/\/adinathtantra.com\/index.php?rest_route=%2Fwp%2Fv2%2Fcomments&post=14"}],"version-history":[{"count":20,"href":"https:\/\/adinathtantra.com\/index.php?rest_route=\/wp\/v2\/pages\/14\/revisions"}],"predecessor-version":[{"id":68,"href":"https:\/\/adinathtantra.com\/index.php?rest_route=\/wp\/v2\/pages\/14\/revisions\/68"}],"wp:featuredmedia":[{"embeddable":true,"href":"https:\/\/adinathtantra.com\/index.php?rest_route=\/wp\/v2\/media\/16"}],"wp:attachment":[{"href":"https:\/\/adinathtantra.com\/index.php?rest_route=%2Fwp%2Fv2%2Fmedia&parent=14"}],"curies":[{"name":"wp","href":"https:\/\/api.w.org\/{rel}","templated":true}]}}